{"id":3647,"date":"2018-08-02T11:25:03","date_gmt":"2018-08-02T11:25:03","guid":{"rendered":"http:\/\/projetodevida.org.br\/site\/?page_id=3647"},"modified":"2019-04-01T11:26:27","modified_gmt":"2019-04-01T14:26:27","slug":"seja-nosso-parceiro","status":"publish","type":"page","link":"https:\/\/projetodevida.org.br\/site\/seja-nosso-parceiro\/","title":{"rendered":"Seja nosso parceiro"},"content":{"rendered":"<div id=\"themify_builder_content-3647\" data-postid=\"3647\" class=\"themify_builder_content themify_builder_content-3647 themify_builder\">\n\n    \t\n\t\t<!-- module_row -->\n\t\t\t<div  class=\"themify_builder_row module_row clearfix fullwidth_row_container module_row_0 themify_builder_3647_row module_row_3647-0\">\n\t\t\t\t                                <div class=\"row_inner col_align_middle gutter-narrow\"   data-basecol=\"2\" data-col_tablet=\"tablet-full\">\n\n                                    \n\t\t<div  class=\"tb-column col4-2 first module_column tb_3647_column module_column_0 module_column_3647-0-0\" >\n                                                                <div class=\"tb-column-inner\">\n                            \n\n    <!-- module image -->\n    <div  id=\"image-3647-0-0-0\" class=\"module module-image image-3647-0-0-0  image-center  wow fadeInLeft auto_fullwidth\" data-parallax-element-speed=\"1\">\n\n        \n        <div class=\"image-wrap\">\n                            <img loading=\"lazy\" decoding=\"async\" src=\"https:\/\/projetodevida.org.br\/site\/wp-content\/uploads\/2017\/08\/128-1024x763-500x286.jpg\" width=\"500\" height=\"286\" class=\" wp-post-image wp-image-1753\" alt=\"128\" \/>            \n                        <\/div>\n            <!-- \/image-wrap -->\n        \n        \n            <\/div>\n    <!-- \/module image -->\n\n\t\t<div class=\"themify_builder_sub_row module_subrow clearfix sub_row_0-0-1\">\n\t\t                    <div class=\"subrow_inner gutter-narrow\" >\n                                       <div  class=\"col4-2 sub_column module_column first sub_column_post_3647 sub_column_0-0-1-0\" > \n                                                              <div class=\"tb-column-inner\">\n                            \n\n    <!-- module image -->\n    <div  id=\"image-3647-sub_row_0-0-1-0-0\" class=\"module module-image image-3647-sub_row_0-0-1-0-0  image-right  wow fadeInUp auto_fullwidth\" data-parallax-element-speed=\"3\">\n\n        \n        <div class=\"image-wrap\">\n                            <img loading=\"lazy\" decoding=\"async\" src=\"https:\/\/projetodevida.org.br\/site\/wp-content\/uploads\/2018\/07\/IMG_0379-1024x683-312x200.jpg\" width=\"312\" height=\"200\" class=\" wp-post-image wp-image-3547\" alt=\"IMG_0379\" srcset=\"https:\/\/projetodevida.org.br\/site\/wp-content\/uploads\/2018\/07\/IMG_0379-1024x683-312x200.jpg 312w, https:\/\/projetodevida.org.br\/site\/wp-content\/uploads\/2018\/07\/IMG_0379-1024x683-360x230.jpg 360w\" sizes=\"auto, (max-width: 312px) 100vw, 312px\" \/>            \n                        <\/div>\n            <!-- \/image-wrap -->\n        \n        \n            <\/div>\n    <!-- \/module image -->\n\n                        <\/div>\n                                   <\/div>\n\t\t               <div  class=\"col4-2 sub_column module_column last sub_column_post_3647 sub_column_0-0-1-1\"> \n                                                              <div class=\"tb-column-inner\">\n                            \n\n    <!-- module image -->\n    <div  id=\"image-3647-sub_row_0-0-1-1-0\" class=\"module module-image image-3647-sub_row_0-0-1-1-0  image-left  wow fadeInRight auto_fullwidth\" data-parallax-element-speed=\"2\">\n\n        \n        <div class=\"image-wrap\">\n                            <img loading=\"lazy\" decoding=\"async\" src=\"https:\/\/projetodevida.org.br\/site\/wp-content\/uploads\/2018\/07\/WhatsApp-Image-2018-07-19-at-11.36.54-576x1024-312x200.jpeg\" width=\"312\" height=\"200\" class=\" wp-post-image wp-image-3390\" alt=\"WhatsApp Image 2018-07-19 at 11.36.54\" \/>            \n                        <\/div>\n            <!-- \/image-wrap -->\n        \n        \n            <\/div>\n    <!-- \/module image -->\n\n                        <\/div>\n                                   <\/div>\n\t\t                    <\/div>\n                <\/div><!-- \/themify_builder_sub_row -->\n                \n\n<!-- module text -->\n<div  id=\"text-3647-0-0-2\" class=\"module module-text text-3647-0-0-2  repeat \">\n    \n    <p>Dentre estas atividades est\u00e3o: Oficinas de M\u00fasica, Teatro, Dan\u00e7a, R\u00e1dio e Locu\u00e7\u00e3o, inform\u00e1tica, Pintura, Atendimentos Psicol\u00f3gicos, Grupo de Apoio a Fam\u00edlias, Servi\u00e7os de Conviv\u00eancia e Fortalecimento de V\u00ednculos para Crian\u00e7as, Adolescentes e Idosos. E com o aux\u00edlio dos poderes p\u00fablicos atrav\u00e9s do Termo de Parceria 003, realiza a gest\u00e3o da Casa de Acolhimento Institucional e Abrigamento, em parceria com a Prefeitura de Contagem.<br \/>Essa \u00e9 a nossa maior refer\u00eancia, Casa Vida Nova hoje chamada de Casa Abrigo Projeto de Vida.<\/p><p>Contamos com o apoio e parcerias visando o maior n\u00famero de atendimentos para pessoas que realmente necessitam.<\/p><\/div>\n<!-- \/module text -->\n                        <\/div>\n                    \t\t<\/div>\n\t\t<!-- \/.tb-column -->\n\t\t\n\t\t\n\t\t<div  class=\"tb-column col4-2 last module_column tb_3647_column module_column_1 module_column_3647-0-1 fullcover bg-position-center-top\" >\n                    <div class=\"builder_row_cover \"><\/div>                                            <div class=\"tb-column-inner\">\n                            \n\n<!-- module text -->\n<div  id=\"text-3647-0-1-0\" class=\"module module-text text-3647-0-1-0  repeat \">\n    \n    <p>Desde sua funda\u00e7\u00e3o, o PROJETO DE VIDA vem se consolidando no munic\u00edpio de Contagem como refer\u00eancia na preven\u00e7\u00e3o, no tratamento do uso indevido de \u00e1lcool e outras drogas.<br \/>Esta consolida\u00e7\u00e3o deu-se principalmente pela voca\u00e7\u00e3o da entidade em estabelecer<br \/>parcerias, sempre pautadas pela transpar\u00eancia, honestidade e reciprocidade.<br \/>Foi atrav\u00e9s desta consolida\u00e7\u00e3o dos trabalhos e a credibilidade constru\u00edda h\u00e1 mais de 19 anos no Munic\u00edpio que a institui\u00e7\u00e3o \u2013 PROJETO DE VIDA, que atualmente desenvolve diversas a\u00e7\u00f5es na \u00e1rea da Assist\u00eancia Social para o p\u00fablico que de fato necessita dela.<\/p><\/div>\n<!-- \/module text -->\n\t\t<div class=\"themify_builder_sub_row module_subrow clearfix sub_row_0-1-1\">\n\t\t                    <div class=\"subrow_inner gutter-narrow\" >\n                                       <div  class=\"col4-2 sub_column module_column first sub_column_post_3647 sub_column_0-1-1-0\" > \n                                                              <div class=\"tb-column-inner\">\n                            \n\n    <!-- module image -->\n    <div  id=\"image-3647-sub_row_0-1-1-0-0\" class=\"module module-image image-3647-sub_row_0-1-1-0-0  image-right  wow fadeInUp auto_fullwidth\" data-parallax-element-speed=\"3\">\n\n        \n        <div class=\"image-wrap\">\n                            <img loading=\"lazy\" decoding=\"async\" src=\"https:\/\/projetodevida.org.br\/site\/wp-content\/uploads\/2018\/07\/IMG_0272-1024x683-312x203.jpg\" width=\"312\" height=\"203\" class=\" wp-post-image wp-image-3497\" alt=\"IMG_0272\" \/>            \n                        <\/div>\n            <!-- \/image-wrap -->\n        \n        \n            <\/div>\n    <!-- \/module image -->\n\n                        <\/div>\n                                   <\/div>\n\t\t               <div  class=\"col4-2 sub_column module_column last sub_column_post_3647 sub_column_0-1-1-1\"> \n                                                              <div class=\"tb-column-inner\">\n                            \n\n    <!-- module image -->\n    <div  id=\"image-3647-sub_row_0-1-1-1-0\" class=\"module module-image image-3647-sub_row_0-1-1-1-0  image-left  wow fadeInRight auto_fullwidth\" data-parallax-element-speed=\"2\">\n\n        \n        <div class=\"image-wrap\">\n                            <img loading=\"lazy\" decoding=\"async\" src=\"https:\/\/projetodevida.org.br\/site\/wp-content\/uploads\/2017\/12\/DSCF4555-1024x768-312x203.jpg\" width=\"312\" height=\"203\" class=\" wp-post-image wp-image-2159\" alt=\"DSCF4555\" \/>            \n                        <\/div>\n            <!-- \/image-wrap -->\n        \n        \n            <\/div>\n    <!-- \/module image -->\n\n                        <\/div>\n                                   <\/div>\n\t\t                    <\/div>\n                <\/div><!-- \/themify_builder_sub_row -->\n                \n\n    <!-- module image -->\n    <div  id=\"image-3647-0-1-2\" class=\"module module-image image-3647-0-1-2  image-center  wow fadeInLeft auto_fullwidth\" data-parallax-element-speed=\"1\">\n\n        \n        <div class=\"image-wrap\">\n                            <img loading=\"lazy\" decoding=\"async\" src=\"https:\/\/projetodevida.org.br\/site\/wp-content\/uploads\/2018\/07\/IMG_0135-1024x683-500x286.jpg\" width=\"500\" height=\"286\" class=\" wp-post-image wp-image-3347\" alt=\"IMG_0135\" \/>            \n                        <\/div>\n            <!-- \/image-wrap -->\n        \n        \n            <\/div>\n    <!-- \/module image -->\n\n                        <\/div>\n                    \t\t<\/div>\n\t\t<!-- \/.tb-column -->\n\t\t\n\t\t\n                                <\/div>\n                                <!-- \/row_inner -->\n                        <\/div>\n                        <!-- \/module_row -->\n\t\t\t\n\t\t<!-- module_row -->\n\t\t\t<div  class=\"themify_builder_row module_row clearfix fullwidth_row_container module_row_1 themify_builder_3647_row module_row_3647-1\">\n\t\t\t\t                                <div class=\"row_inner \" >\n\n                                    \n\t\t<div  class=\"tb-column col-full first module_column tb_3647_column module_column_0 module_column_3647-1-0\" >\n                                                                <div class=\"tb-column-inner\">\n                            \n\n<!-- module text -->\n<div  id=\"text-3647-1-0-0\" class=\"module module-text text-3647-1-0-0  repeat \">\n    \n    <h2>Entre em Contato e Seja nosso Parceiro!<\/h2><\/div>\n<!-- \/module text -->\n\t\t<div class=\"themify_builder_sub_row module_subrow clearfix sub_row_1-0-1\">\n\t\t                    <div class=\"subrow_inner gutter-none col_align_middle\" >\n                                       <div style=\"width:20%;\" class=\"col3-1 sub_column module_column first sub_column_post_3647 sub_column_1-0-1-0\"> \n                                                      <\/div>\n\t\t               <div style=\"width:63%;\" class=\"col3-1 sub_column module_column middle sub_column_post_3647 sub_column_1-0-1-1\"> \n                                                              <div class=\"tb-column-inner\">\n                            \n\n    <!-- module buttons -->\n    <div  id=\"buttons-3647-sub_row_1-0-1-1-0\" class=\"module module-buttons buttons-3647-sub_row_1-0-1-1-0  \">\n\n        \n        <div class=\"module-buttons normal rounded\">\n                            <div class=\"module-buttons-item\">\n                                            <a href=\"https:\/\/www.facebook.com\/ONGProjetoDeVida\" class=\"ui builder_button blue\"  >\n                                                                        <i class=\"fa fa-facebook\"><\/i>\n                                                <span>Facebook<\/span>\n                                                <\/a>\n                                    <\/div>\n                            <div class=\"module-buttons-item\">\n                                            <a href=\"https:\/\/www.instagram.com\/projetodevidacontagem\/\" class=\"ui builder_button brown\"  >\n                                                                        <i class=\"fa fa-instagram\"><\/i>\n                                                <span>Instagram<\/span>\n                                                <\/a>\n                                    <\/div>\n                            <div class=\"module-buttons-item\">\n                                            <a href=\"http:\/\/projetodevida.org.br\/site\/contato\/\" class=\"ui builder_button gray\"  >\n                                                                        <i class=\"fa fa-envelope\"><\/i>\n                                                <span>Contato<\/span>\n                                                <\/a>\n                                    <\/div>\n                    <\/div>\n    <\/div>\n    <!-- \/module buttons -->\n\n                        <\/div>\n                                   <\/div>\n\t\t               <div style=\"width:17%;\" class=\"col3-1 sub_column module_column last sub_column_post_3647 sub_column_1-0-1-2\"> \n                                                      <\/div>\n\t\t                    <\/div>\n                <\/div><!-- \/themify_builder_sub_row -->\n                                        <\/div>\n                    \t\t<\/div>\n\t\t<!-- \/.tb-column -->\n\t\t\n\t\t\n                                <\/div>\n                                <!-- \/row_inner -->\n                        <\/div>\n                        <!-- \/module_row -->\n\t\t\t\n\t\t<!-- module_row -->\n\t\t\t<div  class=\"themify_builder_row module_row clearfix module_row_2 themify_builder_3647_row module_row_3647-2\">\n\t\t\t\t                                <div class=\"row_inner gutter-narrow\" >\n\n                                    \n\t\t<div  class=\"tb-column col4-1 first module_column tb_3647_column module_column_0 module_column_3647-2-0\" >\n                                                                <div class=\"tb-column-inner\">\n                            \n\n    <!-- module image -->\n    <div  id=\"image-3647-2-0-0\" class=\"module module-image image-3647-2-0-0  image-center  \">\n\n        \n        <div class=\"image-wrap\">\n                            <img decoding=\"async\" src=\"https:\/\/projetodevida.org.br\/site\/wp-content\/uploads\/2017\/08\/parceiro-prefcontagem-1024x688.jpg\" width=\"150\" alt=\"Seja nosso parceiro\" \/>            \n                        <\/div>\n            <!-- \/image-wrap -->\n        \n        \n            <\/div>\n    <!-- \/module image -->\n\n                        <\/div>\n                    \t\t<\/div>\n\t\t<!-- \/.tb-column -->\n\t\t\n\t\t\n\t\t<div  class=\"tb-column col4-1 second module_column tb_3647_column module_column_1 module_column_3647-2-1\" >\n                                                                <div class=\"tb-column-inner\">\n                            \n\n    <!-- module image -->\n    <div  id=\"image-3647-2-1-0\" class=\"module module-image image-3647-2-1-0  image-center  \">\n\n        \n        <div class=\"image-wrap\">\n                            <img decoding=\"async\" src=\"https:\/\/projetodevida.org.br\/site\/wp-content\/uploads\/2017\/08\/parceiro-sestsenat-1024x688-1-1024x688-150x100.jpg\" width=\"150\" class=\" wp-post-image wp-image-2471\" alt=\"parceiro-sestsenat-1024x688\" srcset=\"https:\/\/projetodevida.org.br\/site\/wp-content\/uploads\/2017\/08\/parceiro-sestsenat-1024x688-1-1024x688-150x100.jpg 150w, https:\/\/projetodevida.org.br\/site\/wp-content\/uploads\/2017\/08\/parceiro-sestsenat-1024x688-1-1024x688-300x200.jpg 300w, https:\/\/projetodevida.org.br\/site\/wp-content\/uploads\/2017\/08\/parceiro-sestsenat-1024x688-1-768x516.jpg 768w, https:\/\/projetodevida.org.br\/site\/wp-content\/uploads\/2017\/08\/parceiro-sestsenat-1024x688-1.jpg 1024w, https:\/\/projetodevida.org.br\/site\/wp-content\/uploads\/2017\/08\/parceiro-sestsenat-1024x688-1-272x182.jpg 272w, https:\/\/projetodevida.org.br\/site\/wp-content\/uploads\/2017\/08\/parceiro-sestsenat-1024x688-1-1024x688-3x2.jpg 3w, https:\/\/projetodevida.org.br\/site\/wp-content\/uploads\/2017\/08\/parceiro-sestsenat-1024x688-1-1024x688-100x67.jpg 100w\" sizes=\"(max-width: 150px) 100vw, 150px\" \/>            \n                        <\/div>\n            <!-- \/image-wrap -->\n        \n        \n            <\/div>\n    <!-- \/module image -->\n\n                        <\/div>\n                    \t\t<\/div>\n\t\t<!-- \/.tb-column -->\n\t\t\n\t\t\n\t\t<div  class=\"tb-column col4-1 third module_column tb_3647_column module_column_2 module_column_3647-2-2\" >\n                                                                <div class=\"tb-column-inner\">\n                            \n\n    <!-- module image -->\n    <div  id=\"image-3647-2-2-0\" class=\"module module-image image-3647-2-2-0  image-center  \">\n\n        \n        <div class=\"image-wrap\">\n                            <img decoding=\"async\" src=\"https:\/\/projetodevida.org.br\/site\/wp-content\/uploads\/2017\/08\/PLENA-ALIMENTOS-150x88.png\" width=\"150\" class=\" wp-post-image wp-image-2502\" alt=\"PLENA ALIMENTOS\" srcset=\"https:\/\/projetodevida.org.br\/site\/wp-content\/uploads\/2017\/08\/PLENA-ALIMENTOS-150x88.png 150w, https:\/\/projetodevida.org.br\/site\/wp-content\/uploads\/2017\/08\/PLENA-ALIMENTOS-3x1.png 3w, https:\/\/projetodevida.org.br\/site\/wp-content\/uploads\/2017\/08\/PLENA-ALIMENTOS-300x176.png 300w, https:\/\/projetodevida.org.br\/site\/wp-content\/uploads\/2017\/08\/PLENA-ALIMENTOS-160x95.png 160w, https:\/\/projetodevida.org.br\/site\/wp-content\/uploads\/2017\/08\/PLENA-ALIMENTOS-100x58.png 100w, https:\/\/projetodevida.org.br\/site\/wp-content\/uploads\/2017\/08\/PLENA-ALIMENTOS.png 293w\" sizes=\"(max-width: 150px) 100vw, 150px\" \/>            \n                        <\/div>\n            <!-- \/image-wrap -->\n        \n        \n            <\/div>\n    <!-- \/module image -->\n\n                        <\/div>\n                    \t\t<\/div>\n\t\t<!-- \/.tb-column -->\n\t\t\n\t\t\n\t\t<div  class=\"tb-column col4-1 last module_column tb_3647_column module_column_3 module_column_3647-2-3\" >\n                                                                <div class=\"tb-column-inner\">\n                            \n\n    <!-- module image -->\n    <div  id=\"image-3647-2-3-0\" class=\"module module-image image-3647-2-3-0  image-center  \">\n\n        \n        <div class=\"image-wrap\">\n                            <img decoding=\"async\" src=\"https:\/\/projetodevida.org.br\/site\/wp-content\/uploads\/2017\/08\/BELGO-2018-150x84.jpg\" width=\"150\" class=\" wp-post-image wp-image-2509\" alt=\"BELGO 2018\" srcset=\"https:\/\/projetodevida.org.br\/site\/wp-content\/uploads\/2017\/08\/BELGO-2018-150x84.jpg 150w, https:\/\/projetodevida.org.br\/site\/wp-content\/uploads\/2017\/08\/BELGO-2018.jpg 230w\" sizes=\"(max-width: 150px) 100vw, 150px\" \/>            \n                        <\/div>\n            <!-- \/image-wrap -->\n        \n        \n            <\/div>\n    <!-- \/module image -->\n\n                        <\/div>\n                    \t\t<\/div>\n\t\t<!-- \/.tb-column -->\n\t\t\n\t\t\n                                <\/div>\n                                <!-- \/row_inner -->\n                        <\/div>\n                        <!-- \/module_row -->\n\t\t<\/div>\n","protected":false},"excerpt":{"rendered":"<p>Dentre estas atividades est\u00e3o: Oficinas de M\u00fasica, Teatro, Dan\u00e7a, R\u00e1dio e Locu\u00e7\u00e3o, inform\u00e1tica, Pintura, Atendimentos Psicol\u00f3gicos, Grupo de Apoio a Fam\u00edlias, Servi\u00e7os de Conviv\u00eancia e Fortalecimento de V\u00ednculos para Crian\u00e7as, Adolescentes e Idosos. E com o aux\u00edlio dos poderes p\u00fablicos atrav\u00e9s do Termo de Parceria 003, realiza a gest\u00e3o da Casa de Acolhimento Institucional e [&hellip;]<\/p>\n","protected":false},"author":1,"featured_media":0,"parent":0,"menu_order":0,"comment_status":"closed","ping_status":"closed","template":"","meta":{"footnotes":""},"class_list":["post-3647","page","type-page","status-publish","hentry","has-post-title","no-post-date","has-post-category","has-post-tag","has-post-comment","has-post-author",""],"_links":{"self":[{"href":"https:\/\/projetodevida.org.br\/site\/wp-json\/wp\/v2\/pages\/3647","targetHints":{"allow":["GET"]}}],"collection":[{"href":"https:\/\/projetodevida.org.br\/site\/wp-json\/wp\/v2\/pages"}],"about":[{"href":"https:\/\/projetodevida.org.br\/site\/wp-json\/wp\/v2\/types\/page"}],"author":[{"embeddable":true,"href":"https:\/\/projetodevida.org.br\/site\/wp-json\/wp\/v2\/users\/1"}],"replies":[{"embeddable":true,"href":"https:\/\/projetodevida.org.br\/site\/wp-json\/wp\/v2\/comments?post=3647"}],"version-history":[{"count":60,"href":"https:\/\/projetodevida.org.br\/site\/wp-json\/wp\/v2\/pages\/3647\/revisions"}],"predecessor-version":[{"id":7617,"href":"https:\/\/projetodevida.org.br\/site\/wp-json\/wp\/v2\/pages\/3647\/revisions\/7617"}],"wp:attachment":[{"href":"https:\/\/projetodevida.org.br\/site\/wp-json\/wp\/v2\/media?parent=3647"}],"curies":[{"name":"wp","href":"https:\/\/api.w.org\/{rel}","templated":true}]}}