{"id":4316,"date":"2018-08-23T14:15:29","date_gmt":"2018-08-23T14:15:29","guid":{"rendered":"http:\/\/projetodevida.org.br\/site\/?page_id=4316"},"modified":"2022-07-11T15:37:38","modified_gmt":"2022-07-11T18:37:38","slug":"contribuir-2","status":"publish","type":"page","link":"https:\/\/projetodevida.org.br\/site\/contribuir-2\/","title":{"rendered":"Quero Contribuir"},"content":{"rendered":"<div id=\"themify_builder_content-4316\" data-postid=\"4316\" class=\"themify_builder_content themify_builder_content-4316 themify_builder\">\n\n    \t\n\t\t<!-- module_row -->\n\t\t\t<div  class=\"themify_builder_row module_row clearfix repeat fullwidth_row_container module_row_0 themify_builder_4316_row module_row_4316-0\">\n\t\t\t\t                                <div class=\"row_inner \" >\n\n                                    \n\t\t<div  class=\"tb-column col-full first module_column tb_4316_column module_column_0 module_column_4316-0-0\" >\n                                                                <div class=\"tb-column-inner\">\n                            \n\n    <!-- module image -->\n    <div  id=\"image-4316-0-0-0\" class=\"module module-image image-4316-0-0-0  image-top  \">\n\n        \n        <div class=\"image-wrap\">\n                            <a href=\"https:\/\/projetodevida.org.br\/site\/wp-content\/uploads\/2022\/06\/capa-site-1.png\"\n                   class=\"lightbox-builder themify_lightbox\"                   >\n                                           <img loading=\"lazy\" decoding=\"async\" width=\"1200\" height=\"400\" src=\"https:\/\/projetodevida.org.br\/site\/wp-content\/uploads\/2022\/06\/capa-site-1.png\" class=\" wp-post-image wp-image-15789\" alt=\"capa site\" srcset=\"https:\/\/projetodevida.org.br\/site\/wp-content\/uploads\/2022\/06\/capa-site-1.png 1200w, https:\/\/projetodevida.org.br\/site\/wp-content\/uploads\/2022\/06\/capa-site-1-300x100.png 300w, https:\/\/projetodevida.org.br\/site\/wp-content\/uploads\/2022\/06\/capa-site-1-1024x341.png 1024w, https:\/\/projetodevida.org.br\/site\/wp-content\/uploads\/2022\/06\/capa-site-1-768x256.png 768w\" sizes=\"auto, (max-width: 1200px) 100vw, 1200px\" \/>                <\/a>\n            \n                        <\/div>\n            <!-- \/image-wrap -->\n        \n        \n            <\/div>\n    <!-- \/module image -->\n\n                        <\/div>\n                    \t\t<\/div>\n\t\t<!-- \/.tb-column -->\n\t\t\n\t\t\n                                <\/div>\n                                <!-- \/row_inner -->\n                        <\/div>\n                        <!-- \/module_row -->\n\t\t\t\n\t\t<!-- module_row -->\n\t\t\t<div  class=\"themify_builder_row module_row clearfix repeat fullwidth_row_container module_row_1 themify_builder_4316_row module_row_4316-1\">\n\t\t\t\t                                <div class=\"row_inner \"   data-basecol=\"1\" data-col_mobile=\"column-full\">\n\n                                    \n\t\t<div  class=\"tb-column col-full first module_column tb_4316_column module_column_0 module_column_4316-1-0\" >\n                                                                <div class=\"tb-column-inner\">\n                            \n\n<!-- module text -->\n<div  id=\"text-4316-1-0-0\" class=\"module module-text text-4316-1-0-0  repeat \">\n    \n    <p>\u00a0<\/p><p style=\"text-align: center;\"><span style=\"font-family: georgia, palatino, serif; color: #000000; font-size: 24pt;\"><strong><span class=\"JsGRdQ\">O que se compartilha, <\/span><\/strong><span class=\"JsGRdQ\"><strong>se multiplica&#8230;<br \/><\/strong><\/span><\/span><span style=\"font-family: georgia, palatino, serif; color: #000000; font-size: 14pt;\"><span class=\"JsGRdQ\">Seu apoio \u00e9 a nossa parceria para continuar transformando vidas de crian\u00e7as, adolescentes, adultos e idosos. Qualquer valor \u00e9 bem vindo e ser\u00e1 destinado para as a\u00e7\u00f5es do Projeto de Vida.<\/span><\/span><\/p><p><span style=\"color: #000000; font-family: georgia, palatino, serif; font-size: 12pt;\"><!-- wp:heading {\"level\":3} --><\/span><\/p><p><span style=\"color: #000000; font-family: georgia, palatino, serif; font-size: 12pt;\"><!-- \/wp:paragraph --><!-- wp:paragraph --><\/span><\/p><p><span style=\"color: #000000; font-family: georgia, palatino, serif; font-size: 12pt;\"><!-- \/wp:paragraph --><!-- wp:paragraph --><\/span><\/p><p><span style=\"color: #000000; font-family: georgia, palatino, serif; font-size: 12pt;\"><!-- \/wp:paragraph --><!-- wp:paragraph --><\/span><\/p><p><!-- \/wp:paragraph --><\/p><\/div>\n<!-- \/module text -->\n\t\t<div class=\"themify_builder_sub_row module_subrow clearfix sub_row_1-0-1\">\n\t\t                    <div class=\"subrow_inner \" >\n                                       <div  class=\"col4-2 sub_column module_column first sub_column_post_4316 sub_column_1-0-1-0\"> \n                                                              <div class=\"tb-column-inner\">\n                            \n\n    <!-- module image -->\n    <div  id=\"image-4316-sub_row_1-0-1-0-0\" class=\"module module-image image-4316-sub_row_1-0-1-0-0  image-top   auto_fullwidth\">\n\n        \n        <div class=\"image-wrap\">\n                            <a href=\"https:\/\/projetodevida.org.br\/site\/wp-content\/uploads\/2022\/07\/Design-sem-nome-e1657027476780.png\"\n                   class=\"lightbox-builder themify_lightbox\"                   >\n                                           <img loading=\"lazy\" decoding=\"async\" src=\"https:\/\/projetodevida.org.br\/site\/wp-content\/uploads\/2022\/07\/Design-sem-nome-1024x1024-600x600.png\" width=\"600\" height=\"600\" class=\" wp-post-image wp-image-16208\" alt=\"Design sem nome\" \/>                <\/a>\n            \n                        <\/div>\n            <!-- \/image-wrap -->\n        \n        \n            <\/div>\n    <!-- \/module image -->\n\n                        <\/div>\n                                   <\/div>\n\t\t               <div  class=\"col4-2 sub_column module_column last sub_column_post_4316 sub_column_1-0-1-1\"> \n                                                              <div class=\"tb-column-inner\">\n                            \n\n<!-- module text -->\n<div  id=\"text-4316-sub_row_1-0-1-1-0\" class=\"module module-text text-4316-sub_row_1-0-1-1-0  repeat \">\n    \n    <p>\u00a0<\/p><p style=\"text-align: center;\"><span style=\"font-size: 14pt;\"><span style=\"color: #ff0000;\"><strong>QR CODE do PIX<br \/><\/strong><\/span><span style=\"font-family: georgia, palatino, serif; color: #000000;\"><span class=\"JsGRdQ\"><strong>PIX (Chave CNPJ): <\/strong><\/span><span class=\"JsGRdQ\">03015043000139<br \/>_____________________________________<br \/><\/span><\/span><\/span><span style=\"font-family: georgia, palatino, serif; color: #000000; font-size: 12pt;\"><strong>Contribua depositando diretamente na conta do Projeto de Vida: <\/strong><\/span><span style=\"font-size: 12pt; color: #000000;\">Associa\u00e7\u00e3o Comunit\u00e1ria de Preven\u00e7\u00e3o ao Uso Indevido de Drogas<\/span><br \/><span style=\"font-size: 12pt; color: #000000;\"><strong>Banco:\u00a0<\/strong>BRADESCO<strong>\u00a0Ag:\u00a0<\/strong>2760\u00a0<strong>\u00a0Conta Corrente:\u00a0<\/strong>0004901-8<br \/><span style=\"font-size: 14pt;\"><span style=\"font-family: georgia, palatino, serif; color: #000000;\"><span class=\"JsGRdQ\">_____________________________________<\/span><\/span><\/span><br \/><span style=\"color: #ff0000;\"><strong><span style=\"font-size: 14pt;\">Agende para o motoboy buscar sua doa\u00e7\u00e3o:\u00a0<\/span><\/strong><\/span><br \/><\/span><\/p><p><span style=\"color: #000000; font-family: georgia, palatino, serif; font-size: 12pt;\"><!-- wp:heading {\"level\":3} --><\/span><\/p><p><span style=\"color: #000000; font-family: georgia, palatino, serif; font-size: 12pt;\"><!-- \/wp:paragraph --><!-- wp:paragraph --><\/span><\/p><p><span style=\"color: #000000; font-family: georgia, palatino, serif; font-size: 12pt;\"><!-- \/wp:paragraph --><!-- wp:paragraph --><\/span><\/p><p><span style=\"color: #000000; font-family: georgia, palatino, serif; font-size: 12pt;\"><!-- \/wp:paragraph --><!-- wp:paragraph --><\/span><\/p><p><!-- \/wp:paragraph --><\/p><\/div>\n<!-- \/module text -->\n\n\n    <!-- module feature -->\n    <div  id=\"feature-4316-sub_row_1-0-1-1-1\" class=\"module module-feature feature-4316-sub_row_1-0-1-1-1 with-chart layout-icon-top size-small  \">\n\n        <style type=\"text\/css\">#feature-4316-sub_row_1-0-1-1-1 .module-feature-chart-html5 {\n\t\t\t\t\t-webkit-box-shadow: inset 0 0 0 1px rgba(0,0,0,.1);\n\t\t\t\t\t-moz-box-shadow: inset 0 0 0 1px rgba(0,0,0,.1);\n\t\t\t\t\tbox-shadow: inset 0 0 0 1px rgba(0,0,0,.1);\n\t\t\t\t}\n\t\t\t\t#feature-4316-sub_row_1-0-1-1-1 .chart-html5-mask,\n\t\t\t\t#feature-4316-sub_row_1-0-1-1-1 .chart-html5-fill {\n\t\t\t\t\twidth: 100px;\n\t\t\t\t\theight: 100px;\n\t\t\t\t}\n\t\t\t\t#feature-4316-sub_row_1-0-1-1-1 .chart-html5-mask {\n\t\t\t\t\tborder-radius: 0 50px 50px 0;\n\t\t\t\t}\n\t\t\t\t#feature-4316-sub_row_1-0-1-1-1 .chart-loaded.chart-html5-fill {\n                                        border-radius: 50px 0 0 50px;\n\t\t\t\t\t-webkit-box-shadow: inset 0 0 0 1px #f70535;\n\t\t\t\t\t-moz-box-shadow: inset 0 0 0 1px #f70535;\n\t\t\t\t\tbox-shadow: inset 0 0 0 1px #f70535;\n\t\t\t\t}<\/style>\n        \n        <div class=\"module-feature-image\">\n            \n                            <a href=\"https:\/\/wa.me\/message\/PWR5X4UBKOWBI1\" target=\"_blank\" rel=\"noopener\" >\n                   \n                <div class=\"module-feature-chart-html5\"\n                                         data-progress=\"0\"\n                         data-progress-end=\"100\"\n                         data-size=\"100\"\n                                          >\n                    <div class=\"chart-html5-circle\">\n                                                    <div class=\"chart-html5-mask chart-html5-full\">\n                                <div class=\"chart-html5-fill\"><\/div>\n                            <\/div>\n                            <div class=\"chart-html5-mask chart-html5-half\">\n                                <div class=\"chart-html5-fill\"><\/div>\n                            <\/div>\n                                                <div class=\"chart-html5-inset\">\n\n                                                                                            <img decoding=\"async\" src=\"https:\/\/projetodevida.org.br\/site\/wp-content\/uploads\/2022\/07\/11.png\" alt=\"Whatsapp para saber como contribuir\" \/>\n                            \n                        <\/div>\n                    <\/div>\n                <\/div>\n\n                                <\/a>\n            \n        <\/div>\n\n        <div class=\"module-feature-content\">\n                            <h3 class=\"module-feature-title\">\n                                            <a href=\"https:\/\/wa.me\/message\/PWR5X4UBKOWBI1\" target=\"_blank\" rel=\"noopener\" >\n                           \n                        Whatsapp para saber como contribuir\n                                                <\/a>\n                                    <\/h3>\n            \n                    <\/div>\n\n    <\/div>\n    <!-- \/module feature -->\n\n                        <\/div>\n                                   <\/div>\n\t\t                    <\/div>\n                <\/div><!-- \/themify_builder_sub_row -->\n                                        <\/div>\n                    \t\t<\/div>\n\t\t<!-- \/.tb-column -->\n\t\t\n\t\t\n                                <\/div>\n                                <!-- \/row_inner -->\n                        <\/div>\n                        <!-- \/module_row -->\n\t\t\t\n\t\t<!-- module_row -->\n\t\t\t<div  class=\"themify_builder_row module_row clearfix module_row_2 themify_builder_4316_row module_row_4316-2\">\n\t\t\t\t                                <div class=\"row_inner \" >\n\n                                    \n\t\t<div  class=\"tb-column col-full first module_column tb_4316_column module_column_0 module_column_4316-2-0\" >\n                                                                <div class=\"tb-column-inner\">\n                            \n\n    <!-- module divider -->\n    <div  id=\"divider-4316-2-0-0\" class=\"module module-divider divider-4316-2-0-0 solid    \" style=\"border-width: 1px;border-color: #000000;\">\n            <\/div>\n    <!-- \/module divider -->\n\n\t\t<div class=\"themify_builder_sub_row module_subrow clearfix sub_row_2-0-1\">\n\t\t                    <div class=\"subrow_inner \" >\n                                       <div style=\"width:25%;\" class=\"col4-2 sub_column module_column first sub_column_post_4316 sub_column_2-0-1-0\"> \n                                                              <div class=\"tb-column-inner\">\n                            \n\n    <!-- module image -->\n    <div  id=\"image-4316-sub_row_2-0-1-0-0\" class=\"module module-image image-4316-sub_row_2-0-1-0-0  image-top  \">\n\n        \n        <div class=\"image-wrap\">\n                            <a href=\"https:\/\/www.copasa.com.br\/wps\/portal\/internet\/a-copasa\/responsabilidade-social\/subvencao-doacoes\/programa-de-apadrinhamento\"\n                                       rel=\"noopener\" target=\"_blank\">\n                                           <img loading=\"lazy\" decoding=\"async\" width=\"512\" height=\"255\" src=\"https:\/\/projetodevida.org.br\/site\/wp-content\/uploads\/2022\/07\/companhia-de-saneamento-de-minas-gerais-copasa.png\" class=\" wp-post-image wp-image-16737\" alt=\"companhia-de-saneamento-de-minas-gerais-copasa\" srcset=\"https:\/\/projetodevida.org.br\/site\/wp-content\/uploads\/2022\/07\/companhia-de-saneamento-de-minas-gerais-copasa.png 512w, https:\/\/projetodevida.org.br\/site\/wp-content\/uploads\/2022\/07\/companhia-de-saneamento-de-minas-gerais-copasa-300x149.png 300w\" sizes=\"auto, (max-width: 512px) 100vw, 512px\" \/>                <\/a>\n            \n                        <\/div>\n            <!-- \/image-wrap -->\n        \n        \n            <\/div>\n    <!-- \/module image -->\n\n\n\n    <!-- module buttons -->\n    <div  id=\"buttons-4316-sub_row_2-0-1-0-1\" class=\"module module-buttons buttons-4316-sub_row_2-0-1-0-1  \">\n\n        \n        <div class=\"module-buttons normal rounded\">\n                            <div class=\"module-buttons-item\">\n                                            <a href=\"https:\/\/www.copasa.com.br\/wps\/portal\/internet\/a-copasa\/responsabilidade-social\/subvencao-doacoes\/programa-de-apadrinhamento\" class=\"ui builder_button blue\"  target=\"_blank\" rel=\"noopener\">\n                                                                    <span>Saiba mais sobre o Programa de Apadrinhamento<\/span>\n                                                <\/a>\n                                    <\/div>\n                    <\/div>\n    <\/div>\n    <!-- \/module buttons -->\n\n                        <\/div>\n                                   <\/div>\n\t\t               <div style=\"width:71.8%;\" class=\"col4-2 sub_column module_column last sub_column_post_4316 sub_column_2-0-1-1\"> \n                                                              <div class=\"tb-column-inner\">\n                            \n\n<!-- module text -->\n<div  id=\"text-4316-sub_row_2-0-1-1-0\" class=\"module module-text text-4316-sub_row_2-0-1-1-0  repeat \">\n    \n    <p style=\"text-align: justify;\">Tem o objetivo de contribuir com o custeio das entidades filantr\u00f3picas por meio da arrecada\u00e7\u00e3o de doa\u00e7\u00f5es de clientes <strong>nas contas da COPASA.<br \/>Para apadrinhar a entidade social \u00e9 necess\u00e1rio:<\/strong><br \/>1 &#8211; Ser cliente da Copasa (pessoa f\u00edsica ou jur\u00eddica);<br \/>2 &#8211; Imprimir, preencher e assinar o formul\u00e1rio &#8220;Autoriza\u00e7\u00e3o de D\u00e9bito&#8221;, dispon\u00edvel em &#8220;Quero ser doador&#8221;;<br \/>(verifique se a entidade para a qual voc\u00ea deseja ser padrinho j\u00e1 est\u00e1 cadastrada);<br \/>3 &#8211; Encaminhar o formul\u00e1rio &#8220;Autoriza\u00e7\u00e3o de D\u00e9bito&#8221; \u00e0 entidade a ser beneficiada.<\/p><\/div>\n<!-- \/module text -->\n                        <\/div>\n                                   <\/div>\n\t\t                    <\/div>\n                <\/div><!-- \/themify_builder_sub_row -->\n                \n\n<!-- module text -->\n<div  id=\"text-4316-2-0-2\" class=\"module module-text text-4316-2-0-2  repeat \">\n    \n    <p>A partir da\u00ed, mensalmente, a Copasa lan\u00e7ar\u00e1 na conta do cliente o valor autorizado em favor da entidade escolhida. Para deixar de ser padrinho, basta que o cliente, a qualquer momento, solicite \u00e0 entidade ou \u00e0 Copasa o encerramento da doa\u00e7\u00e3o ou fa\u00e7a pelo link &#8220;Quero parar de doar&#8221;.<\/p><\/div>\n<!-- \/module text -->\n\n\n<!-- module text -->\n<div  id=\"text-4316-2-0-3\" class=\"module module-text text-4316-2-0-3  repeat \">\n    \n    <p style=\"text-align: center;\"><span style=\"font-size: 18pt; color: #008000;\">Voc\u00ea tamb\u00e9m pode contribuir pelo banco digital da <strong>PAG SEGURO:<\/strong><\/span><\/p><\/div>\n<!-- \/module text -->\n\n\n<!-- module text -->\n<div  id=\"text-4316-2-0-4\" class=\"module module-text text-4316-2-0-4  repeat \">\n    \n    <p style=\"text-align: center;\"><center><br \/><!-- INICIO FORMULARIO BOTAO PAGSEGURO --><br \/><form action=\"https:\/\/pagseguro.uol.com.br\/checkout\/v2\/donation.html\" method=\"post\"><br \/><!-- N\u00c3O EDITE OS COMANDOS DAS LINHAS ABAIXO --><br \/><input type=\"hidden\" name=\"currency\" value=\"BRL\"><br \/><input type=\"hidden\" name=\"receiverEmail\" value=\"midias.projetodevida@gmail.com\"><br \/><input type=\"hidden\" name=\"iot\" value=\"button\"><br \/><input type=\"image\" src=\"https:\/\/stc.pagseguro.uol.com.br\/public\/img\/botoes\/doacoes\/209x48-doar-assina.gif\" name=\"submit\" alt=\"Pague com PagSeguro - \u00e9 r\u00e1pido, gr\u00e1tis e seguro!\"><br \/><\/form><br \/><!-- FINAL FORMULARIO BOTAO PAGSEGURO --><br \/><\/center><\/p><\/div>\n<!-- \/module text -->\n                        <\/div>\n                    \t\t<\/div>\n\t\t<!-- \/.tb-column -->\n\t\t\n\t\t\n                                <\/div>\n                                <!-- \/row_inner -->\n                        <\/div>\n                        <!-- \/module_row -->\n\t\t<\/div>\n","protected":false},"excerpt":{"rendered":"<p>\u00a0 O que se compartilha, se multiplica&#8230;Seu apoio \u00e9 a nossa parceria para continuar transformando vidas de crian\u00e7as, adolescentes, adultos e idosos. Qualquer valor \u00e9 bem vindo e ser\u00e1 destinado para as a\u00e7\u00f5es do Projeto de Vida. \u00a0 QR CODE do PIXPIX (Chave CNPJ): 03015043000139_____________________________________Contribua depositando diretamente na conta do Projeto de Vida: Associa\u00e7\u00e3o Comunit\u00e1ria [&hellip;]<\/p>\n","protected":false},"author":1,"featured_media":0,"parent":0,"menu_order":0,"comment_status":"closed","ping_status":"closed","template":"","meta":{"footnotes":""},"class_list":["post-4316","page","type-page","status-publish","hentry","has-post-title","no-post-date","has-post-category","has-post-tag","has-post-comment","has-post-author",""],"_links":{"self":[{"href":"https:\/\/projetodevida.org.br\/site\/wp-json\/wp\/v2\/pages\/4316","targetHints":{"allow":["GET"]}}],"collection":[{"href":"https:\/\/projetodevida.org.br\/site\/wp-json\/wp\/v2\/pages"}],"about":[{"href":"https:\/\/projetodevida.org.br\/site\/wp-json\/wp\/v2\/types\/page"}],"author":[{"embeddable":true,"href":"https:\/\/projetodevida.org.br\/site\/wp-json\/wp\/v2\/users\/1"}],"replies":[{"embeddable":true,"href":"https:\/\/projetodevida.org.br\/site\/wp-json\/wp\/v2\/comments?post=4316"}],"version-history":[{"count":335,"href":"https:\/\/projetodevida.org.br\/site\/wp-json\/wp\/v2\/pages\/4316\/revisions"}],"predecessor-version":[{"id":16760,"href":"https:\/\/projetodevida.org.br\/site\/wp-json\/wp\/v2\/pages\/4316\/revisions\/16760"}],"wp:attachment":[{"href":"https:\/\/projetodevida.org.br\/site\/wp-json\/wp\/v2\/media?parent=4316"}],"curies":[{"name":"wp","href":"https:\/\/api.w.org\/{rel}","templated":true}]}}